{"id":2478,"date":"2016-10-27T10:12:36","date_gmt":"2016-10-27T08:12:36","guid":{"rendered":"http:\/\/s542123342.mialojamiento.es\/GRUPOPIEDRA\/en\/politica-de-cookies\/"},"modified":"2023-05-16T09:52:17","modified_gmt":"2023-05-16T07:52:17","slug":"politica-de-cookies","status":"publish","type":"page","link":"https:\/\/stonebrothersgroup.com\/en\/politica-de-cookies\/","title":{"rendered":"Pol\u00edtica de cookies"},"content":{"rendered":"<p><strong>1. \u00bf QU\u00c9 SON LAS COOKIES ?<\/strong><\/p>\n<p>Las Cookies son peque\u00f1os archivos que se instalan en el terminal del USUARIO al visitar un sitio web con la finalidad de almacenar datos que podr\u00e1n ser actualizados y recuperados por el responsable de su instalaci\u00f3n. Si el USUARIO no se registra ni deja informaci\u00f3n personal en el sitio, el servidor tendr\u00e1 conocimiento de que alguien con esa cookie regres\u00f3 al sitio web pero le ser\u00e1 imposible asociar la navegaci\u00f3n a un USUARIO concreto e identificado.<\/p>\n<p><strong>2. \u00bf QU\u00c9 CLASES DE COOKIES EXISTEN ?<\/strong><\/p>\n<p>Las Cookies, en funci\u00f3n de su caducidad, pueden clasificarse en Cookies de sesi\u00f3n o permanentes. Las primeras expiran cuando el usuario cierra el navegador mientras que las segundas permanecen por un tiempo superior durante el cual los datos siguen almacenados en el terminal y pueden ser accedidos y tratados.<\/p>\n<p>Tambi\u00e9n se pueden distinguir seg\u00fan la entidad que gestione el equipo o dominio desde donde se env\u00edan las Cookies y se traten los datos que se obtengan. En este caso, se clasifican como:<\/p>\n<ul>\n<li>Cookies propias: aquellas que se env\u00edan al equipo terminal del Usuario desde un equipo o dominio gestionado por el Titular de la Web y desde el que se presta el servicio solicitado por el propio Usuario.<\/li>\n<li>Cookies de tercero: aquellas que son enviadas al equipo terminal del Usuario desde un equipo o domino que no es gestionado por el Titular de la Web, sino por otra entidad que trata los datos obtenidos a trav\u00e9s de las Cookies.<\/li>\n<\/ul>\n<p>Las Cookies tambi\u00e9n se pueden clasificar en funci\u00f3n de su objetivo y por tanto podemos hablar de:<\/p>\n<ul>\n<li>Cookies T\u00e9cnicas: permiten al Usuario la navegaci\u00f3n a trav\u00e9s de una p\u00e1gina web, plataforma o aplicaci\u00f3n y la utilizaci\u00f3n de las diferentes opciones o servicios que en ella existan como, por ejemplo, controlar el tr\u00e1fico y la<br \/>\ncomunicaci\u00f3n de datos, identificar la sesi\u00f3n o realizar el proceso de compra de un pedido.<\/li>\n<li>Cookies de Personalizaci\u00f3n: permiten al Usuario acceder al servicio con algunas caracter\u00edsticas de car\u00e1cter general predefinidas en funci\u00f3n de una serie de criterios en el terminal del usuario como por ejemplo el idioma o<br \/>\nel tipo de navegador.<\/li>\n<li>Cookies Anal\u00edticas: permiten al responsable de las mismas, el seguimiento y an\u00e1lisis del comportamiento de los usuarios de los sitios web a los que est\u00e1n vinculadas. La informaci\u00f3n recabada se utiliza en la medici\u00f3n de la actividad de los sitios web, aplicaci\u00f3n o plataforma y para la elaboraci\u00f3n de perfiles de navegaci\u00f3n de los usuarios de dichos sitios, aplicaciones y plataformas, con el fin de introducir mejoras en funci\u00f3n del an\u00e1lisis de los datos que hacen los usuarios del servicio.<\/li>\n<li>Cookies Publicitarias: permiten la gesti\u00f3n, de la forma m\u00e1s eficaz posible de los espacios publicitarios que, en su caso, el editor haya incluido en una p\u00e1gina web, aplicaci\u00f3n o plataforma desde la que presta el servicio solicitado<br \/>\nen base a criterios como el contenido editado o la frecuencia en la que se muestran los anuncios.<\/li>\n<\/ul>\n<p><strong>3. \u00bf C\u00d3MO DESACTIVAR O ELIMINAR COOKIES ?<\/strong><\/p>\n<p>El Usuario podr\u00e1 configurar su navegador para que no se instalen cookies o para recibir un aviso en pantalla cada vez que una cookie quiera instalarse, pudiendo decidir en cada momento si la quiere aceptar o no. Igualmente el usuario podr\u00e1 decidir posteriormente eliminar las cookies que tenga instaladas cambiando la configuraci\u00f3n de su navegador o elimin\u00e1ndolas manualmente a trav\u00e9s del mismo. Tenga en cuenta que la eliminaci\u00f3n de las cookies puede suponer una disminuci\u00f3n en la calidad o en las funcionalidades de la p\u00e1gina web. Para realizar est\u00e1s operaciones, debe seguir las indicaciones del navegador que Vd. utilice:<\/p>\n<p><a href=\"https:\/\/support.google.com\/chrome\/answer\/95647?hl=es\">Google Chrome<\/a> <a href=\"https:\/\/support.google.com\/chrome\/answer\/95647?hl=es\">http:\/\/bit.ly\/2yxQv5L<\/a><br \/>\n<a href=\"https:\/\/support.mozilla.org\/es\/kb\/cookies-informacion-que-los-sitios-web-guardan-en-\">Mozilla Firefox<\/a> <a href=\"https:\/\/support.mozilla.org\/es\/kb\/cookies-informacion-que-los-sitios-web-guardan-en-\">https:\/\/mzl.la\/2IiAiB6<\/a><br \/>\n<a href=\"https:\/\/support.apple.com\/es-es\/HT201265\">Safari<\/a> <a href=\"https:\/\/support.apple.com\/es-es\/HT201265\">https:\/\/apple.co\/2KhESEK<\/a><br \/>\n<a href=\"https:\/\/support.microsoft.com\/es-es\/windows\/eliminar-y-administrar-cookies-168dab11-0753-043d-7c16-ede5947fc64d#ie=ie-10\">Internet Explorer<\/a> <a href=\"https:\/\/support.microsoft.com\/es-es\/windows\/eliminar-y-administrar-cookies-168dab11-0753-043d-7c16-ede5947fc64d#ie=ie-10\">http:\/\/bit.ly\/2K5<\/a><\/p>\n<p><strong>4. \u00bf QU\u00c9 COOKIES USA \u00c9STE SITIO WEB ?<\/strong><\/p>\n<p>El sitio web www.grupopiedra.es utiliza las siguientes Cookies:<\/p>\n<table border=\"1\" width=\"200\">\n<tbody>\n<tr>\n<td>NOMBRE<\/td>\n<td>DOMINIO<\/td>\n<td>FINALIDAD<\/td>\n<td>CADUCIDAD<\/td>\n<td>TIPO<\/td>\n<\/tr>\n<tr>\n<td>_gid<\/td>\n<td>grupopiedra.es<\/td>\n<td>Es una cookie de google analytics que se utiliza<br \/>\npara distinguir a los usuarios.<\/td>\n<td>24 horas<\/td>\n<td>Necesarias<\/td>\n<\/tr>\n<tr>\n<td>_gat<\/td>\n<td>grupopiedra.es<\/td>\n<td>Es una cookie de google analytics que se utiliza<br \/>\npara diferenciar entre los diferentes objetos de<br \/>\nseguimiento creados en la sesi\u00f3n. La cookie se<br \/>\nactualiza cada vez que env\u00eda los datos a Google<br \/>\nAnalytics.<\/td>\n<td>24 horas<\/td>\n<td>Necesarias<\/td>\n<\/tr>\n<tr>\n<td>_ga<\/td>\n<td>grupopiedra.es<\/td>\n<td>Es una cookie de google analytics que utiliza un<br \/>\nidentificador an\u00f3nimo para distinguir usuarios<br \/>\nan\u00f3nimos. Esta cookie realiza an\u00e1lisis sobre las<br \/>\ninteracciones de los usuarios, con el fin de<br \/>\noptimizar los servicios que ofrecen.<\/td>\n<td>2 a\u00f1os<\/td>\n<td>Necesarias<\/td>\n<\/tr>\n<\/tbody>\n<\/table>\n<p>&nbsp;<\/p>\n","protected":false},"excerpt":{"rendered":"<p>1. \u00bf QU\u00c9 SON LAS COOKIES ? Las Cookies son peque\u00f1os archivos que se instalan en el terminal del USUARIO al visitar un sitio web con<span class=\"excerpt-hellip\"> [\u2026]<\/span><\/p>\n","protected":false},"author":4,"featured_media":0,"parent":0,"menu_order":0,"comment_status":"closed","ping_status":"closed","template":"","meta":{"footnotes":""},"class_list":["post-2478","page","type-page","status-publish","hentry"],"yoast_head":"<!-- This site is optimized with the Yoast SEO plugin v26.6 - https:\/\/yoast.com\/wordpress\/plugins\/seo\/ -->\n<title>Pol\u00edtica de cookies - Stone Brothers Group<\/title>\n<meta name=\"robots\" content=\"index, follow, max-snippet:-1, max-image-preview:large, max-video-preview:-1\" \/>\n<link rel=\"canonical\" href=\"https:\/\/stonebrothersgroup.com\/en\/politica-de-cookies\/\" \/>\n<meta property=\"og:locale\" content=\"en_US\" \/>\n<meta property=\"og:type\" content=\"article\" \/>\n<meta property=\"og:title\" content=\"Pol\u00edtica de cookies - Stone Brothers Group\" \/>\n<meta property=\"og:description\" content=\"1. \u00bf QU\u00c9 SON LAS COOKIES ? Las Cookies son peque\u00f1os archivos que se instalan en el terminal del USUARIO al visitar un sitio web con [\u2026]\" \/>\n<meta property=\"og:url\" content=\"https:\/\/stonebrothersgroup.com\/en\/politica-de-cookies\/\" \/>\n<meta property=\"og:site_name\" content=\"Stone Brothers Group\" \/>\n<meta property=\"article:modified_time\" content=\"2023-05-16T07:52:17+00:00\" \/>\n<meta name=\"twitter:card\" content=\"summary_large_image\" \/>\n<meta name=\"twitter:label1\" content=\"Est. reading time\" \/>\n\t<meta name=\"twitter:data1\" content=\"4 minutes\" \/>\n<script type=\"application\/ld+json\" class=\"yoast-schema-graph\">{\"@context\":\"https:\/\/schema.org\",\"@graph\":[{\"@type\":\"WebPage\",\"@id\":\"https:\/\/stonebrothersgroup.com\/en\/politica-de-cookies\/\",\"url\":\"https:\/\/stonebrothersgroup.com\/en\/politica-de-cookies\/\",\"name\":\"Pol\u00edtica de cookies - Stone Brothers Group\",\"isPartOf\":{\"@id\":\"https:\/\/stonebrothersgroup.com\/#website\"},\"datePublished\":\"2016-10-27T08:12:36+00:00\",\"dateModified\":\"2023-05-16T07:52:17+00:00\",\"breadcrumb\":{\"@id\":\"https:\/\/stonebrothersgroup.com\/en\/politica-de-cookies\/#breadcrumb\"},\"inLanguage\":\"en-US\",\"potentialAction\":[{\"@type\":\"ReadAction\",\"target\":[\"https:\/\/stonebrothersgroup.com\/en\/politica-de-cookies\/\"]}]},{\"@type\":\"BreadcrumbList\",\"@id\":\"https:\/\/stonebrothersgroup.com\/en\/politica-de-cookies\/#breadcrumb\",\"itemListElement\":[{\"@type\":\"ListItem\",\"position\":1,\"name\":\"Portada\",\"item\":\"https:\/\/stonebrothersgroup.com\/en\/inicio\/\"},{\"@type\":\"ListItem\",\"position\":2,\"name\":\"Pol\u00edtica de cookies\"}]},{\"@type\":\"WebSite\",\"@id\":\"https:\/\/stonebrothersgroup.com\/#website\",\"url\":\"https:\/\/stonebrothersgroup.com\/\",\"name\":\"Stone Brothers Group\",\"description\":\"GESTI\u00d3N Y TRATAMIENTO DE RESIDUOS PELIGROSOS\",\"potentialAction\":[{\"@type\":\"SearchAction\",\"target\":{\"@type\":\"EntryPoint\",\"urlTemplate\":\"https:\/\/stonebrothersgroup.com\/?s={search_term_string}\"},\"query-input\":{\"@type\":\"PropertyValueSpecification\",\"valueRequired\":true,\"valueName\":\"search_term_string\"}}],\"inLanguage\":\"en-US\"}]}<\/script>\n<!-- \/ Yoast SEO plugin. -->","yoast_head_json":{"title":"Pol\u00edtica de cookies - Stone Brothers Group","robots":{"index":"index","follow":"follow","max-snippet":"max-snippet:-1","max-image-preview":"max-image-preview:large","max-video-preview":"max-video-preview:-1"},"canonical":"https:\/\/stonebrothersgroup.com\/en\/politica-de-cookies\/","og_locale":"en_US","og_type":"article","og_title":"Pol\u00edtica de cookies - Stone Brothers Group","og_description":"1. \u00bf QU\u00c9 SON LAS COOKIES ? Las Cookies son peque\u00f1os archivos que se instalan en el terminal del USUARIO al visitar un sitio web con [\u2026]","og_url":"https:\/\/stonebrothersgroup.com\/en\/politica-de-cookies\/","og_site_name":"Stone Brothers Group","article_modified_time":"2023-05-16T07:52:17+00:00","twitter_card":"summary_large_image","twitter_misc":{"Est. reading time":"4 minutes"},"schema":{"@context":"https:\/\/schema.org","@graph":[{"@type":"WebPage","@id":"https:\/\/stonebrothersgroup.com\/en\/politica-de-cookies\/","url":"https:\/\/stonebrothersgroup.com\/en\/politica-de-cookies\/","name":"Pol\u00edtica de cookies - Stone Brothers Group","isPartOf":{"@id":"https:\/\/stonebrothersgroup.com\/#website"},"datePublished":"2016-10-27T08:12:36+00:00","dateModified":"2023-05-16T07:52:17+00:00","breadcrumb":{"@id":"https:\/\/stonebrothersgroup.com\/en\/politica-de-cookies\/#breadcrumb"},"inLanguage":"en-US","potentialAction":[{"@type":"ReadAction","target":["https:\/\/stonebrothersgroup.com\/en\/politica-de-cookies\/"]}]},{"@type":"BreadcrumbList","@id":"https:\/\/stonebrothersgroup.com\/en\/politica-de-cookies\/#breadcrumb","itemListElement":[{"@type":"ListItem","position":1,"name":"Portada","item":"https:\/\/stonebrothersgroup.com\/en\/inicio\/"},{"@type":"ListItem","position":2,"name":"Pol\u00edtica de cookies"}]},{"@type":"WebSite","@id":"https:\/\/stonebrothersgroup.com\/#website","url":"https:\/\/stonebrothersgroup.com\/","name":"Stone Brothers Group","description":"GESTI\u00d3N Y TRATAMIENTO DE RESIDUOS PELIGROSOS","potentialAction":[{"@type":"SearchAction","target":{"@type":"EntryPoint","urlTemplate":"https:\/\/stonebrothersgroup.com\/?s={search_term_string}"},"query-input":{"@type":"PropertyValueSpecification","valueRequired":true,"valueName":"search_term_string"}}],"inLanguage":"en-US"}]}},"_links":{"self":[{"href":"https:\/\/stonebrothersgroup.com\/en\/wp-json\/wp\/v2\/pages\/2478","targetHints":{"allow":["GET"]}}],"collection":[{"href":"https:\/\/stonebrothersgroup.com\/en\/wp-json\/wp\/v2\/pages"}],"about":[{"href":"https:\/\/stonebrothersgroup.com\/en\/wp-json\/wp\/v2\/types\/page"}],"author":[{"embeddable":true,"href":"https:\/\/stonebrothersgroup.com\/en\/wp-json\/wp\/v2\/users\/4"}],"replies":[{"embeddable":true,"href":"https:\/\/stonebrothersgroup.com\/en\/wp-json\/wp\/v2\/comments?post=2478"}],"version-history":[{"count":5,"href":"https:\/\/stonebrothersgroup.com\/en\/wp-json\/wp\/v2\/pages\/2478\/revisions"}],"predecessor-version":[{"id":3596,"href":"https:\/\/stonebrothersgroup.com\/en\/wp-json\/wp\/v2\/pages\/2478\/revisions\/3596"}],"wp:attachment":[{"href":"https:\/\/stonebrothersgroup.com\/en\/wp-json\/wp\/v2\/media?parent=2478"}],"curies":[{"name":"wp","href":"https:\/\/api.w.org\/{rel}","templated":true}]}}